{"id":209,"date":"2013-02-24T19:49:01","date_gmt":"2013-02-24T18:49:01","guid":{"rendered":"http:\/\/www.huelvaysusfotografos.com\/?page_id=209"},"modified":"2017-02-15T22:00:24","modified_gmt":"2017-02-15T21:00:24","slug":"hazte-socio","status":"publish","type":"page","link":"https:\/\/www.huelvaysusfotografos.com\/?page_id=209","title":{"rendered":"Hazte socio"},"content":{"rendered":"<p><span style=\"text-decoration: underline; color: #333300;\">Pasos para hacerte socio:<\/span><\/p>\n<p>Solic\u00edtalo enviando un email a : <b id=\"yui_3_7_3_1_1361731060412_402\">huelvaysf@gmail.com<\/b><\/p>\n<p><span style=\"text-decoration: underline; color: #333300;\">Con los siguientes datos<\/span><\/p>\n<p><b id=\"yui_3_7_3_1_1361731060412_402\">&#8211; Nombre y apellidos<br \/>\n&#8211; NIF<br \/>\n&#8211; Correo electr\u00f3nico<br \/>\n&#8211; Telefono de contacto<br \/>\n&#8211; Una foto tama\u00f1o carnet, para el carnet de la Asociaci\u00f3n <\/b><\/p>\n<p><strong>La cuota es anual,\u00a0 por lo que deber\u00e1s hacer un<\/strong> ingreso de 12 euros anuales es en Caja Rural del Sur n\u00famero\u00a0ES65 3187 0001 72 3122766417<\/p>\n<p>Importante indicar en el asunto del ingreso (tanto en efectivo como transferencia) el NOMBRE del socio, si no &#8230; no sabremos de quien es.<\/p>\n<p>&nbsp;<\/p>\n<p><span style=\"text-decoration: underline; color: #333300;\">Para aparecer como\u00a0socio en la web (no es obligatorio pero puedes darte a conocer)<\/span><\/p>\n<p>Una vez realizado el ingreso y mandado el email con resguardo y datos, puedes remitir a huelvaysf@gmail.com una breve descripci\u00f3n de tu trayectoria en el campo de la fotograf\u00eda (formaci\u00f3n, exposiciones, g\u00e9nero que trabajas, referentes&#8230;.) y lo publicaremos junto al resto de los compa\u00f1eros<\/p>\n<p>No remitir\u00a0esta informaci\u00f3n\u00a0hasta que se confirme el ingreso.<\/p>\n<p>&nbsp;<\/p>\n","protected":false},"excerpt":{"rendered":"<p>Pasos para hacerte socio: Solic\u00edtalo enviando un email a : huelvaysf@gmail.com Con los siguientes datos &#8211; Nombre y apellidos &#8211; NIF &#8211; Correo electr\u00f3nico &#8211; Telefono de contacto &#8211; Una foto tama\u00f1o carnet, para el carnet de la Asociaci\u00f3n La cuota es anual,\u00a0 por lo que deber\u00e1s hacer un ingreso de 12 euros anuales es en Caja Rural del Sur n\u00famero\u00a0ES65 3187 0001 72 3122766417 Importante indicar en el asunto<\/p>\n<div class=\"belowpost\"><a class=\"btnmore\" href=\"https:\/\/www.huelvaysusfotografos.com\/?page_id=209\">Seguir leyendo<\/a><\/div>\n","protected":false},"author":2,"featured_media":0,"parent":0,"menu_order":5,"comment_status":"closed","ping_status":"closed","template":"","meta":{"footnotes":"","_links_to":"","_links_to_target":""},"class_list":["post-209","page","type-page","status-publish","hentry"],"_links":{"self":[{"href":"https:\/\/www.huelvaysusfotografos.com\/index.php?rest_route=\/wp\/v2\/pages\/209","targetHints":{"allow":["GET"]}}],"collection":[{"href":"https:\/\/www.huelvaysusfotografos.com\/index.php?rest_route=\/wp\/v2\/pages"}],"about":[{"href":"https:\/\/www.huelvaysusfotografos.com\/index.php?rest_route=\/wp\/v2\/types\/page"}],"author":[{"embeddable":true,"href":"https:\/\/www.huelvaysusfotografos.com\/index.php?rest_route=\/wp\/v2\/users\/2"}],"replies":[{"embeddable":true,"href":"https:\/\/www.huelvaysusfotografos.com\/index.php?rest_route=%2Fwp%2Fv2%2Fcomments&post=209"}],"version-history":[{"count":8,"href":"https:\/\/www.huelvaysusfotografos.com\/index.php?rest_route=\/wp\/v2\/pages\/209\/revisions"}],"predecessor-version":[{"id":5056,"href":"https:\/\/www.huelvaysusfotografos.com\/index.php?rest_route=\/wp\/v2\/pages\/209\/revisions\/5056"}],"wp:attachment":[{"href":"https:\/\/www.huelvaysusfotografos.com\/index.php?rest_route=%2Fwp%2Fv2%2Fmedia&parent=209"}],"curies":[{"name":"wp","href":"https:\/\/api.w.org\/{rel}","templated":true}]}}